{"id":1235,"date":"2019-05-18T16:39:32","date_gmt":"2019-05-18T14:39:32","guid":{"rendered":"https:\/\/klesczewski.de\/?page_id=1235"},"modified":"2019-09-06T16:31:31","modified_gmt":"2019-09-06T14:31:31","slug":"willkommen","status":"publish","type":"page","link":"https:\/\/klesczewski.de\/?page_id=1235","title":{"rendered":"Das Japan Reisetagebuch"},"content":{"rendered":"\n<p>Wir begr\u00fc\u00dfen dich auf unserem kleinen Blog!<\/p>\n\n\n\n<p>Bisher gibt es hier vor Allem unser Tagebuch zur Hochzeitsreise.<\/p>\n\n\n\n<p>Wir w\u00fcnschen viel Spa\u00df beim Lesen!<\/p>\n\n\n\n<h2 class=\"wp-block-heading\"><strong>Vor der Abreise<\/strong><\/h2>\n\n\n<ul class=\"wp-block-latest-posts__list has-dates wp-block-latest-posts\"><li><a class=\"wp-block-latest-posts__post-title\" href=\"https:\/\/klesczewski.de\/?p=1\">Die letzte Nacht vor dem Abflug<\/a><time datetime=\"2019-04-01T23:50:36+02:00\" class=\"wp-block-latest-posts__post-date\">1. April 2019<\/time><\/li>\n<li><a class=\"wp-block-latest-posts__post-title\" href=\"https:\/\/klesczewski.de\/?p=40\">Der Countdown l\u00e4uft&#8230;<\/a><time datetime=\"2019-04-02T11:01:50+02:00\" class=\"wp-block-latest-posts__post-date\">2. April 2019<\/time><\/li>\n<li><a class=\"wp-block-latest-posts__post-title\" href=\"https:\/\/klesczewski.de\/?p=51\">Am Flughafen Frankfurt<\/a><time datetime=\"2019-04-02T16:41:47+02:00\" class=\"wp-block-latest-posts__post-date\">2. April 2019<\/time><\/li>\n<li><a class=\"wp-block-latest-posts__post-title\" href=\"https:\/\/klesczewski.de\/?p=72\">Der Hinflug<\/a><time datetime=\"2019-04-03T14:30:02+02:00\" class=\"wp-block-latest-posts__post-date\">3. April 2019<\/time><\/li>\n<\/ul>\n\n\n<h2 class=\"wp-block-heading\"><strong>Die erste Woche<\/strong><\/h2>\n\n\n<ul class=\"wp-block-latest-posts__list has-dates wp-block-latest-posts\"><li><a class=\"wp-block-latest-posts__post-title\" href=\"https:\/\/klesczewski.de\/?p=91\">Tokyo!!!<\/a><time datetime=\"2019-04-03T17:23:51+02:00\" class=\"wp-block-latest-posts__post-date\">3. April 2019<\/time><\/li>\n<li><a class=\"wp-block-latest-posts__post-title\" href=\"https:\/\/klesczewski.de\/?p=117\">Die erste Nacht<\/a><time datetime=\"2019-04-04T01:00:29+02:00\" class=\"wp-block-latest-posts__post-date\">4. April 2019<\/time><\/li>\n<li><a class=\"wp-block-latest-posts__post-title\" href=\"https:\/\/klesczewski.de\/?p=177\">Der erste Ausflug in Tokyo<\/a><time datetime=\"2019-04-04T17:54:53+02:00\" class=\"wp-block-latest-posts__post-date\">4. April 2019<\/time><\/li>\n<li><a class=\"wp-block-latest-posts__post-title\" href=\"https:\/\/klesczewski.de\/?p=273\">Shibuya, Harajuku&#8230; Hauptsache Sakura!<\/a><time datetime=\"2019-04-05T18:32:50+02:00\" class=\"wp-block-latest-posts__post-date\">5. April 2019<\/time><\/li>\n<li><a class=\"wp-block-latest-posts__post-title\" href=\"https:\/\/klesczewski.de\/?p=313\">Und weiter geht&#8217;s nach Nagano<\/a><time datetime=\"2019-04-06T04:37:39+02:00\" class=\"wp-block-latest-posts__post-date\">6. April 2019<\/time><\/li>\n<li><a class=\"wp-block-latest-posts__post-title\" href=\"https:\/\/klesczewski.de\/?p=337\">Nagano &#8211; \u9577\u91ce<\/a><time datetime=\"2019-04-06T11:23:29+02:00\" class=\"wp-block-latest-posts__post-date\">6. April 2019<\/time><\/li>\n<li><a class=\"wp-block-latest-posts__post-title\" href=\"https:\/\/klesczewski.de\/?p=390\">Einmal Monkey Park und zur\u00fcck<\/a><time datetime=\"2019-04-07T18:18:08+02:00\" class=\"wp-block-latest-posts__post-date\">7. April 2019<\/time><\/li>\n<li><a class=\"wp-block-latest-posts__post-title\" href=\"https:\/\/klesczewski.de\/?p=452\">Das erste Video!<\/a><time datetime=\"2019-04-08T12:36:10+02:00\" class=\"wp-block-latest-posts__post-date\">8. April 2019<\/time><\/li>\n<li><a class=\"wp-block-latest-posts__post-title\" href=\"https:\/\/klesczewski.de\/?p=464\">Matsumoto &#8211; \u677e\u672c\u5e02<\/a><time datetime=\"2019-04-08T18:05:37+02:00\" class=\"wp-block-latest-posts__post-date\">8. April 2019<\/time><\/li>\n<li><a class=\"wp-block-latest-posts__post-title\" href=\"https:\/\/klesczewski.de\/?p=522\">Nach Nagoya zu Toyota<\/a><time datetime=\"2019-04-09T16:55:57+02:00\" class=\"wp-block-latest-posts__post-date\">9. April 2019<\/time><\/li>\n<\/ul>\n\n\n<h2 class=\"wp-block-heading\"><strong>Die zweite Woche<\/strong><\/h2>\n\n\n<ul class=\"wp-block-latest-posts__list has-dates wp-block-latest-posts\"><li><a class=\"wp-block-latest-posts__post-title\" href=\"https:\/\/klesczewski.de\/?p=572\">Kyoto &#8211; \u4eac\u90fd\u5e02<\/a><time datetime=\"2019-04-10T17:01:37+02:00\" class=\"wp-block-latest-posts__post-date\">10. April 2019<\/time><\/li>\n<li><a class=\"wp-block-latest-posts__post-title\" href=\"https:\/\/klesczewski.de\/?p=583\">Tag 2 in Kyoto<\/a><time datetime=\"2019-04-11T17:07:30+02:00\" class=\"wp-block-latest-posts__post-date\">11. April 2019<\/time><\/li>\n<li><a class=\"wp-block-latest-posts__post-title\" href=\"https:\/\/klesczewski.de\/?p=650\">Tag 3 in Kyoto<\/a><time datetime=\"2019-04-12T16:59:59+02:00\" class=\"wp-block-latest-posts__post-date\">12. April 2019<\/time><\/li>\n<li><a class=\"wp-block-latest-posts__post-title\" href=\"https:\/\/klesczewski.de\/?p=704\">Nara, die Stadt der Rehe!<\/a><time datetime=\"2019-04-13T17:14:36+02:00\" class=\"wp-block-latest-posts__post-date\">13. April 2019<\/time><\/li>\n<li><a class=\"wp-block-latest-posts__post-title\" href=\"https:\/\/klesczewski.de\/?p=785\">Himeji?<\/a><time datetime=\"2019-04-14T16:02:19+02:00\" class=\"wp-block-latest-posts__post-date\">14. April 2019<\/time><\/li>\n<li><a class=\"wp-block-latest-posts__post-title\" href=\"https:\/\/klesczewski.de\/?p=811\">Himeji Castle und der erste Tag in Hiroshima<\/a><time datetime=\"2019-04-15T16:55:23+02:00\" class=\"wp-block-latest-posts__post-date\">15. April 2019<\/time><\/li>\n<li><a class=\"wp-block-latest-posts__post-title\" href=\"https:\/\/klesczewski.de\/?p=863\">Itsukushima? &#8211; Miyajima!<\/a><time datetime=\"2019-04-16T14:43:15+02:00\" class=\"wp-block-latest-posts__post-date\">16. April 2019<\/time><\/li>\n<\/ul>\n\n\n<h2 class=\"wp-block-heading\">Die dritte Woche<\/h2>\n\n\n<ul class=\"wp-block-latest-posts__list has-dates wp-block-latest-posts\"><li><a class=\"wp-block-latest-posts__post-title\" href=\"https:\/\/klesczewski.de\/?p=933\">Fukuoka<\/a><time datetime=\"2019-04-17T18:30:33+02:00\" class=\"wp-block-latest-posts__post-date\">17. April 2019<\/time><\/li>\n<li><a class=\"wp-block-latest-posts__post-title\" href=\"https:\/\/klesczewski.de\/?p=988\">Kobe<\/a><time datetime=\"2019-04-18T18:12:52+02:00\" class=\"wp-block-latest-posts__post-date\">18. April 2019<\/time><\/li>\n<li><a class=\"wp-block-latest-posts__post-title\" href=\"https:\/\/klesczewski.de\/?p=1047\">Hakone<\/a><time datetime=\"2019-04-19T16:14:00+02:00\" class=\"wp-block-latest-posts__post-date\">19. April 2019<\/time><\/li>\n<li><a class=\"wp-block-latest-posts__post-title\" href=\"https:\/\/klesczewski.de\/?p=1066\">Ryokan, Hakone und sch\u00f6nes Wetter!<\/a><time datetime=\"2019-04-20T15:08:26+02:00\" class=\"wp-block-latest-posts__post-date\">20. April 2019<\/time><\/li>\n<li><a class=\"wp-block-latest-posts__post-title\" href=\"https:\/\/klesczewski.de\/?p=1113\">Back again in Tokyo!<\/a><time datetime=\"2019-04-21T18:21:09+02:00\" class=\"wp-block-latest-posts__post-date\">21. April 2019<\/time><\/li>\n<li><a class=\"wp-block-latest-posts__post-title\" href=\"https:\/\/klesczewski.de\/?p=1197\">Der gro\u00dfe Buddha von Kamakura<\/a><time datetime=\"2019-04-22T16:43:18+02:00\" class=\"wp-block-latest-posts__post-date\">22. April 2019<\/time><\/li>\n<\/ul>\n\n\n<h2 class=\"wp-block-heading\"><br><\/h2>\n\n\n<ul class=\"wp-block-latest-posts__list has-dates wp-block-latest-posts\"><\/ul>","protected":false},"excerpt":{"rendered":"<p>Wir begr\u00fc\u00dfen dich auf unserem kleinen Blog! Bisher gibt es hier vor Allem unser Tagebuch zur Hochzeitsreise. Wir w\u00fcnschen viel Spa\u00df beim Lesen! Vor der Abreise Die erste Woche Die zweite Woche Die dritte Woche<\/p>\n","protected":false},"author":2,"featured_media":0,"parent":0,"menu_order":0,"comment_status":"closed","ping_status":"closed","template":"","meta":{"footnotes":""},"class_list":["post-1235","page","type-page","status-publish","hentry"],"_links":{"self":[{"href":"https:\/\/klesczewski.de\/index.php?rest_route=\/wp\/v2\/pages\/1235"}],"collection":[{"href":"https:\/\/klesczewski.de\/index.php?rest_route=\/wp\/v2\/pages"}],"about":[{"href":"https:\/\/klesczewski.de\/index.php?rest_route=\/wp\/v2\/types\/page"}],"author":[{"embeddable":true,"href":"https:\/\/klesczewski.de\/index.php?rest_route=\/wp\/v2\/users\/2"}],"replies":[{"embeddable":true,"href":"https:\/\/klesczewski.de\/index.php?rest_route=%2Fwp%2Fv2%2Fcomments&post=1235"}],"version-history":[{"count":4,"href":"https:\/\/klesczewski.de\/index.php?rest_route=\/wp\/v2\/pages\/1235\/revisions"}],"predecessor-version":[{"id":1246,"href":"https:\/\/klesczewski.de\/index.php?rest_route=\/wp\/v2\/pages\/1235\/revisions\/1246"}],"wp:attachment":[{"href":"https:\/\/klesczewski.de\/index.php?rest_route=%2Fwp%2Fv2%2Fmedia&parent=1235"}],"curies":[{"name":"wp","href":"https:\/\/api.w.org\/{rel}","templated":true}]}}