{"id":1248,"date":"2019-09-06T16:41:25","date_gmt":"2019-09-06T14:41:25","guid":{"rendered":"https:\/\/klesczewski.de\/?page_id=1248"},"modified":"2020-08-04T23:14:23","modified_gmt":"2020-08-04T21:14:23","slug":"willkommen-2","status":"publish","type":"page","link":"https:\/\/klesczewski.de\/","title":{"rendered":"Willkommen&#8230;"},"content":{"rendered":"\n<p>&#8230; auf dem Blog von Heike &amp; Jan Klesczewski.<\/p>\n\n\n\n<p>Wir sind Blogging-Einsteiger und der Inhalt auf unserem Blog daher noch recht sp\u00e4rlich. Unser bisher gr\u00f6\u00dftes Werk ist das Tagebuch zu unserer <a href=\"https:\/\/klesczewski.de\/?page_id=1235\">Hochzeitsreise nach Japan<\/a>.<br>Hier k\u00f6nnt ihr unsere Reise nachverfolgen und euch tolle Bilder ansehen sowie an unseren Erfahrungsberichten teilhaben.<\/p>\n\n\n\n<p>Aus aktuellem Anlass haben wir auf unserem Blog auch eine Familienlotterie eingebaut. Wir hoffen, dass ihr daran teilnehmt!<\/p>\n\n\n\n<p>Viel Spa\u00df beim Lesen, Kommentieren und Teilnehmen!<\/p>\n\n\n\n<p><\/p>\n","protected":false},"excerpt":{"rendered":"<p>&#8230; auf dem Blog von Heike &amp; Jan Klesczewski. Wir sind Blogging-Einsteiger und der Inhalt auf unserem Blog daher noch recht sp\u00e4rlich. Unser bisher gr\u00f6\u00dftes Werk ist das Tagebuch zu unserer Hochzeitsreise nach Japan.Hier k\u00f6nnt ihr unsere Reise nachverfolgen und euch tolle Bilder ansehen sowie an unseren Erfahrungsberichten teilhaben. Aus aktuellem Anlass haben wir auf &hellip; <a href=\"https:\/\/klesczewski.de\/\" class=\"more-link\"><span class=\"screen-reader-text\">\u201eWillkommen&#8230;\u201c<\/span> weiterlesen<\/a><\/p>\n","protected":false},"author":2,"featured_media":0,"parent":0,"menu_order":0,"comment_status":"closed","ping_status":"closed","template":"","meta":{"footnotes":""},"class_list":["post-1248","page","type-page","status-publish","hentry"],"_links":{"self":[{"href":"https:\/\/klesczewski.de\/index.php?rest_route=\/wp\/v2\/pages\/1248"}],"collection":[{"href":"https:\/\/klesczewski.de\/index.php?rest_route=\/wp\/v2\/pages"}],"about":[{"href":"https:\/\/klesczewski.de\/index.php?rest_route=\/wp\/v2\/types\/page"}],"author":[{"embeddable":true,"href":"https:\/\/klesczewski.de\/index.php?rest_route=\/wp\/v2\/users\/2"}],"replies":[{"embeddable":true,"href":"https:\/\/klesczewski.de\/index.php?rest_route=%2Fwp%2Fv2%2Fcomments&post=1248"}],"version-history":[{"count":11,"href":"https:\/\/klesczewski.de\/index.php?rest_route=\/wp\/v2\/pages\/1248\/revisions"}],"predecessor-version":[{"id":1274,"href":"https:\/\/klesczewski.de\/index.php?rest_route=\/wp\/v2\/pages\/1248\/revisions\/1274"}],"wp:attachment":[{"href":"https:\/\/klesczewski.de\/index.php?rest_route=%2Fwp%2Fv2%2Fmedia&parent=1248"}],"curies":[{"name":"wp","href":"https:\/\/api.w.org\/{rel}","templated":true}]}}